{"id":2966,"date":"2022-09-01T16:36:46","date_gmt":"2022-09-01T16:36:46","guid":{"rendered":"https:\/\/prioratinvest.com\/sobre-nosaltres\/"},"modified":"2023-12-20T07:58:32","modified_gmt":"2023-12-20T07:58:32","slug":"sobre-nosaltres","status":"publish","type":"page","link":"https:\/\/prioratinvest.com\/ca\/sobre-nosaltres\/","title":{"rendered":"Sobre nosaltres"},"content":{"rendered":"\t\t<div data-elementor-type=\"wp-page\" data-elementor-id=\"2966\" class=\"elementor elementor-2966 elementor-1102\" data-elementor-post-type=\"page\">\n\t\t\t\t\t\t<section class=\"elementor-section elementor-top-section elementor-element elementor-element-fdf4b1f elementor-section-height-min-height elementor-section-boxed elementor-section-height-default elementor-section-items-middle\" data-id=\"fdf4b1f\" data-element_type=\"section\" data-e-type=\"section\" id=\"about0\" data-settings=\"{&quot;background_background&quot;:&quot;classic&quot;}\">\n\t\t\t\t\t\t<div class=\"elementor-container elementor-column-gap-default\">\n\t\t\t\t\t<div class=\"elementor-column elementor-col-100 elementor-top-column elementor-element elementor-element-cf9b5dd\" data-id=\"cf9b5dd\" data-element_type=\"column\" data-e-type=\"column\">\n\t\t\t<div class=\"elementor-widget-wrap elementor-element-populated\">\n\t\t\t\t\t\t<div class=\"elementor-element elementor-element-17d9448 elementor-widget elementor-widget-image\" data-id=\"17d9448\" data-element_type=\"widget\" data-e-type=\"widget\" data-widget_type=\"image.default\">\n\t\t\t\t<div class=\"elementor-widget-container\">\n\t\t\t\t\t\t\t\t\t\t\t\t\t\t\t<img fetchpriority=\"high\" decoding=\"async\" width=\"389\" height=\"363\" src=\"https:\/\/prioratinvest.com\/wp-content\/uploads\/2022\/01\/isotipo-azul.svg\" class=\"attachment-full size-full wp-image-588\" alt=\"\" \/>\t\t\t\t\t\t\t\t\t\t\t\t\t\t\t<\/div>\n\t\t\t\t<\/div>\n\t\t\t\t<div class=\"elementor-element elementor-element-8b7c322 elementor-widget elementor-widget-text-editor\" data-id=\"8b7c322\" data-element_type=\"widget\" data-e-type=\"widget\" data-widget_type=\"text-editor.default\">\n\t\t\t\t<div class=\"elementor-widget-container\">\n\t\t\t\t\t\t\t\t\t<h1>Sobre <em>nosaltres<\/em><\/h1>\n\t\t\t\t\t\t\t\t<\/div>\n\t\t\t\t<\/div>\n\t\t\t\t\t<\/div>\n\t\t<\/div>\n\t\t\t\t\t<\/div>\n\t\t<\/section>\n\t\t\t\t<section class=\"elementor-section elementor-top-section elementor-element elementor-element-0378150 p100 elementor-section-content-middle elementor-section-boxed elementor-section-height-default elementor-section-height-default\" data-id=\"0378150\" data-element_type=\"section\" data-e-type=\"section\" id=\"about1\">\n\t\t\t\t\t\t<div class=\"elementor-container elementor-column-gap-default\">\n\t\t\t\t\t<div class=\"elementor-column elementor-col-100 elementor-top-column elementor-element elementor-element-82c8257\" data-id=\"82c8257\" data-element_type=\"column\" data-e-type=\"column\">\n\t\t\t<div class=\"elementor-widget-wrap elementor-element-populated\">\n\t\t\t\t\t\t<div class=\"elementor-element elementor-element-1853a76 elementor-widget elementor-widget-text-editor\" data-id=\"1853a76\" data-element_type=\"widget\" data-e-type=\"widget\" data-settings=\"{&quot;_animation_mobile&quot;:&quot;fadeIn&quot;}\" data-widget_type=\"text-editor.default\">\n\t\t\t\t<div class=\"elementor-widget-container\">\n\t\t\t\t\t\t\t\t\t<p class=\"p2\">Llicenciat en Administraci\u00f3 i Direcci\u00f3 d&#8217;Empreses, la meva traject\u00f2ria professional neix en les inversions immobili\u00e0ries.<\/p>\n<p class=\"p2\">Actualment, juntament amb Christopher Duburqc, un cellerer de la Proven\u00e7a Francesa, dirigeixo Clos Porrera, empresa dedicada a la vinya i a l&#8217;elaboraci\u00f3 de vins.<\/p>\n<p class=\"p2\"><span style=\"color: var(--contrast); letter-spacing: 0px;\">La nostra visi\u00f3 sobre La Peixera, finca de 40 hect\u00e0rees que posse\u00efm a Porrera, \u00e9s recuperar el treball dels nostres avantpassats i crear una finca que transcendeixi m\u00e9s enll\u00e0 de nosaltres. <\/span><\/p>\n<p class=\"p2\">La gent ha d&#8217;experimentar la for\u00e7a de la natura, juntament amb la vinya i l&#8217;elaboraci\u00f3 de vins ecol\u00f2gics i biodin\u00e0mics, <span style=\"color: var(--contrast); letter-spacing: 0px;\">desmarcant-nos de la visi\u00f3 industrial que impera actualment al camp.<\/span><\/p>\n<p class=\"p2\">La nostra <strong>visi\u00f3<\/strong> \u00e9s la d&#8217;un Priorat ple de vida i de gent que estimi l&#8217;art d&#8217;elaborar vins profunds i amb \u00e0nima.<\/p>\n<p class=\"p2\">La nostra <strong>missi\u00f3<\/strong> \u00e9s guiar als nostres clients en els seus projectes i portar la comarca al m\u00e9s alt, a trav\u00e9s de l&#8217;excel\u00b7l\u00e8ncia en les nostres vides.<\/p>\n<p class=\"p2\">Els nostres <strong>valors<\/strong> s\u00f3n el sentit com\u00fa, l&#8217;honradesa i el comprom\u00eds amb cadascun dels nostres clients.<\/p>\n\t\t\t\t\t\t\t\t<\/div>\n\t\t\t\t<\/div>\n\t\t\t\t<div class=\"elementor-element elementor-element-75dbcc6 elementor-widget-divider--view-line elementor-widget elementor-widget-divider\" data-id=\"75dbcc6\" data-element_type=\"widget\" data-e-type=\"widget\" data-widget_type=\"divider.default\">\n\t\t\t\t<div class=\"elementor-widget-container\">\n\t\t\t\t\t\t\t<div class=\"elementor-divider\">\n\t\t\t<span class=\"elementor-divider-separator\">\n\t\t\t\t\t\t<\/span>\n\t\t<\/div>\n\t\t\t\t\t\t<\/div>\n\t\t\t\t<\/div>\n\t\t\t\t<div class=\"elementor-element elementor-element-c6ceefd elementor-widget elementor-widget-text-editor\" data-id=\"c6ceefd\" data-element_type=\"widget\" data-e-type=\"widget\" data-settings=\"{&quot;_animation_mobile&quot;:&quot;fadeIn&quot;}\" data-widget_type=\"text-editor.default\">\n\t\t\t\t<div class=\"elementor-widget-container\">\n\t\t\t\t\t\t\t\t\t<p><strong>XAVIER MINGUELLA | <\/strong><strong>CEO<\/strong> PRIORAT INVEST<\/p>\n\t\t\t\t\t\t\t\t<\/div>\n\t\t\t\t<\/div>\n\t\t\t\t<div class=\"elementor-element elementor-element-c5e196f elementor-widget-divider--view-line elementor-widget elementor-widget-divider\" data-id=\"c5e196f\" data-element_type=\"widget\" data-e-type=\"widget\" data-widget_type=\"divider.default\">\n\t\t\t\t<div class=\"elementor-widget-container\">\n\t\t\t\t\t\t\t<div class=\"elementor-divider\">\n\t\t\t<span class=\"elementor-divider-separator\">\n\t\t\t\t\t\t<\/span>\n\t\t<\/div>\n\t\t\t\t\t\t<\/div>\n\t\t\t\t<\/div>\n\t\t\t\t\t<\/div>\n\t\t<\/div>\n\t\t\t\t\t<\/div>\n\t\t<\/section>\n\t\t\t\t<section class=\"elementor-section elementor-top-section elementor-element elementor-element-3148a83 elementor-section-boxed elementor-section-height-default elementor-section-height-default\" data-id=\"3148a83\" data-element_type=\"section\" data-e-type=\"section\" id=\"about2\" data-settings=\"{&quot;background_background&quot;:&quot;classic&quot;}\">\n\t\t\t\t\t\t<div class=\"elementor-container elementor-column-gap-default\">\n\t\t\t\t\t<div class=\"elementor-column elementor-col-100 elementor-top-column elementor-element elementor-element-be0763c\" data-id=\"be0763c\" data-element_type=\"column\" data-e-type=\"column\">\n\t\t\t<div class=\"elementor-widget-wrap elementor-element-populated\">\n\t\t\t\t\t\t<div class=\"elementor-element elementor-element-d27b2eb elementor-widget elementor-widget-text-editor\" data-id=\"d27b2eb\" data-element_type=\"widget\" data-e-type=\"widget\" data-widget_type=\"text-editor.default\">\n\t\t\t\t<div class=\"elementor-widget-container\">\n\t\t\t\t\t\t\t\t\t<p>Els nostres valors s\u00f3n el sentit com\u00fa, l&#8217;honradesa i el comprom\u00eds amb cadascun dels nostres clients.<\/p>\n\t\t\t\t\t\t\t\t<\/div>\n\t\t\t\t<\/div>\n\t\t\t\t\t<\/div>\n\t\t<\/div>\n\t\t\t\t\t<\/div>\n\t\t<\/section>\n\t\t\t\t<section class=\"elementor-section elementor-top-section elementor-element elementor-element-0d61ab2 elementor-section-full_width elementor-section-height-default elementor-section-height-default\" data-id=\"0d61ab2\" data-element_type=\"section\" data-e-type=\"section\" id=\"inicio3\" data-settings=\"{&quot;background_background&quot;:&quot;classic&quot;}\">\n\t\t\t\t\t\t<div class=\"elementor-container elementor-column-gap-default\">\n\t\t\t\t\t<div class=\"elementor-column elementor-col-100 elementor-top-column elementor-element elementor-element-71d9e2a\" data-id=\"71d9e2a\" data-element_type=\"column\" data-e-type=\"column\">\n\t\t\t<div class=\"elementor-widget-wrap elementor-element-populated\">\n\t\t\t\t\t\t<div class=\"elementor-element elementor-element-5225a65 elementor-widget elementor-widget-video\" data-id=\"5225a65\" data-element_type=\"widget\" data-e-type=\"widget\" data-settings=\"{&quot;video_type&quot;:&quot;vimeo&quot;,&quot;start&quot;:0,&quot;autoplay&quot;:&quot;yes&quot;,&quot;play_on_mobile&quot;:&quot;yes&quot;}\" data-widget_type=\"video.default\">\n\t\t\t\t<div class=\"elementor-widget-container\">\n\t\t\t\t\t\t\t<div class=\"elementor-wrapper elementor-open-inline\">\n\t\t\t<iframe class=\"elementor-video-iframe\" allowfullscreen allow=\"autoplay\" title=\"Reproductor de v\u00eddeo vimeo\" src=\"https:\/\/player.vimeo.com\/video\/875842280?autoplay=1&amp;playsinline=1&amp;color&amp;autopause=0&amp;loop=0&amp;muted=0&amp;title=0&amp;portrait=1&amp;byline=0#t=\"><\/iframe>\t\t<\/div>\n\t\t\t\t\t\t<\/div>\n\t\t\t\t<\/div>\n\t\t\t\t\t<\/div>\n\t\t<\/div>\n\t\t\t\t\t<\/div>\n\t\t<\/section>\n\t\t\t\t<section class=\"elementor-section elementor-top-section elementor-element elementor-element-868fc29 elementor-section-full_width elementor-section-height-default elementor-section-height-default\" data-id=\"868fc29\" data-element_type=\"section\" data-e-type=\"section\">\n\t\t\t\t\t\t\t<div class=\"elementor-background-overlay\"><\/div>\n\t\t\t\t\t\t\t<div class=\"elementor-container elementor-column-gap-default\">\n\t\t\t\t\t<div class=\"elementor-column elementor-col-100 elementor-top-column elementor-element elementor-element-629a999 elementor-invisible\" data-id=\"629a999\" data-element_type=\"column\" data-e-type=\"column\" data-settings=\"{&quot;animation&quot;:&quot;fadeIn&quot;,&quot;background_background&quot;:&quot;classic&quot;}\">\n\t\t\t<div class=\"elementor-widget-wrap elementor-element-populated\">\n\t\t\t\t\t\t<div class=\"elementor-element elementor-element-e479ce0 elementor-widget elementor-widget-text-editor\" data-id=\"e479ce0\" data-element_type=\"widget\" data-e-type=\"widget\" data-widget_type=\"text-editor.default\">\n\t\t\t\t<div class=\"elementor-widget-container\">\n\t\t\t\t\t\t\t\t\t<p>\u00bfQuieres <em>Priorat<\/em>?<\/p>\n\t\t\t\t\t\t\t\t<\/div>\n\t\t\t\t<\/div>\n\t\t\t\t<div class=\"elementor-element elementor-element-b3ca5c6 elementor-widget elementor-widget-text-editor\" data-id=\"b3ca5c6\" data-element_type=\"widget\" data-e-type=\"widget\" data-widget_type=\"text-editor.default\">\n\t\t\t\t<div class=\"elementor-widget-container\">\n\t\t\t\t\t\t\t\t\t<p>Connecta amb el nostres equip<\/p>\n\t\t\t\t\t\t\t\t<\/div>\n\t\t\t\t<\/div>\n\t\t\t\t<div class=\"elementor-element elementor-element-7ff73a5 elementor-button-align-start elementor-widget elementor-widget-form\" data-id=\"7ff73a5\" data-element_type=\"widget\" data-e-type=\"widget\" data-settings=\"{&quot;step_next_label&quot;:&quot;Next&quot;,&quot;step_previous_label&quot;:&quot;Previous&quot;,&quot;button_width&quot;:&quot;100&quot;,&quot;step_type&quot;:&quot;number_text&quot;,&quot;step_icon_shape&quot;:&quot;circle&quot;}\" data-widget_type=\"form.default\">\n\t\t\t\t<div class=\"elementor-widget-container\">\n\t\t\t\t\t\t\t<form class=\"elementor-form\" method=\"post\" name=\"Formulario Home Web\" aria-label=\"Formulario Home Web\">\n\t\t\t<input type=\"hidden\" name=\"post_id\" value=\"2966\"\/>\n\t\t\t<input type=\"hidden\" name=\"form_id\" value=\"7ff73a5\"\/>\n\t\t\t<input type=\"hidden\" name=\"referer_title\" value=\"Sobre nosaltres - Priorat Invest\" \/>\n\n\t\t\t\t\t\t\t<input type=\"hidden\" name=\"queried_id\" value=\"2966\"\/>\n\t\t\t\n\t\t\t<div class=\"elementor-form-fields-wrapper elementor-labels-above\">\n\t\t\t\t\t\t\t\t<div class=\"elementor-field-type-text elementor-field-group elementor-column elementor-field-group-name elementor-col-33 elementor-field-required elementor-mark-required\">\n\t\t\t\t\t\t\t\t\t\t\t\t<label for=\"form-field-name\" class=\"elementor-field-label\">\n\t\t\t\t\t\t\t\tNom:\t\t\t\t\t\t\t<\/label>\n\t\t\t\t\t\t\t\t\t\t\t\t\t\t<input size=\"1\" type=\"text\" name=\"form_fields[name]\" id=\"form-field-name\" class=\"elementor-field elementor-size-sm  elementor-field-textual\" required=\"required\">\n\t\t\t\t\t\t\t\t\t\t\t<\/div>\n\t\t\t\t\t\t\t\t<div class=\"elementor-field-type-email elementor-field-group elementor-column elementor-field-group-email elementor-col-33 elementor-field-required elementor-mark-required\">\n\t\t\t\t\t\t\t\t\t\t\t\t<label for=\"form-field-email\" class=\"elementor-field-label\">\n\t\t\t\t\t\t\t\tCorreu electr\u00f2nic:\t\t\t\t\t\t\t<\/label>\n\t\t\t\t\t\t\t\t\t\t\t\t\t\t<input size=\"1\" type=\"email\" name=\"form_fields[email]\" id=\"form-field-email\" class=\"elementor-field elementor-size-sm  elementor-field-textual\" required=\"required\">\n\t\t\t\t\t\t\t\t\t\t\t<\/div>\n\t\t\t\t\t\t\t\t<div class=\"elementor-field-type-tel elementor-field-group elementor-column elementor-field-group-field_8306d94 elementor-col-33 elementor-field-required elementor-mark-required\">\n\t\t\t\t\t\t\t\t\t\t\t\t<label for=\"form-field-field_8306d94\" class=\"elementor-field-label\">\n\t\t\t\t\t\t\t\tTel\u00e8fon:\t\t\t\t\t\t\t<\/label>\n\t\t\t\t\t\t\t\t<input size=\"1\" type=\"tel\" name=\"form_fields[field_8306d94]\" id=\"form-field-field_8306d94\" class=\"elementor-field elementor-size-sm  elementor-field-textual\" required=\"required\" pattern=\"[0-9()#&amp;+*-=.]+\" title=\"Only numbers and phone characters (#, -, *, etc) are accepted.\">\n\n\t\t\t\t\t\t<\/div>\n\t\t\t\t\t\t\t\t<div class=\"elementor-field-type-textarea elementor-field-group elementor-column elementor-field-group-message elementor-col-100\">\n\t\t\t\t\t\t\t\t\t\t\t\t<label for=\"form-field-message\" class=\"elementor-field-label\">\n\t\t\t\t\t\t\t\tMissatge:\t\t\t\t\t\t\t<\/label>\n\t\t\t\t\t\t<textarea class=\"elementor-field-textual elementor-field  elementor-size-sm\" name=\"form_fields[message]\" id=\"form-field-message\" rows=\"1\"><\/textarea>\t\t\t\t<\/div>\n\t\t\t\t\t\t\t\t<div class=\"elementor-field-type-acceptance elementor-field-group elementor-column elementor-field-group-field_c2fecd8 elementor-col-100 elementor-field-required elementor-mark-required\">\n\t\t\t\t\t\t\t<div class=\"elementor-field-subgroup\">\n\t\t\t<span class=\"elementor-field-option\">\n\t\t\t\t<input type=\"checkbox\" name=\"form_fields[field_c2fecd8]\" id=\"form-field-field_c2fecd8\" class=\"elementor-field elementor-size-sm  elementor-acceptance-field\" required=\"required\">\n\t\t\t\t<label for=\"form-field-field_c2fecd8\">He le\u00eddo y acepto las <a href=\"https:\/\/https:\/\/prioratinvest.com\/politica-privacidad\">cl\u00e1usulas de consentimiento y pol\u00edtica de privacidad.<\/a><\/label>\t\t\t<\/span>\n\t\t<\/div>\n\t\t\t\t\t\t<\/div>\n\t\t\t\t\t\t\t\t<div class=\"elementor-field-group elementor-column elementor-field-type-submit elementor-col-100 e-form__buttons\">\n\t\t\t\t\t<button class=\"elementor-button elementor-size-lg\" type=\"submit\">\n\t\t\t\t\t\t<span class=\"elementor-button-content-wrapper\">\n\t\t\t\t\t\t\t\t\t\t\t\t\t\t\t\t\t\t\t\t\t\t<span class=\"elementor-button-text\">Enviar<\/span>\n\t\t\t\t\t\t\t\t\t\t\t\t\t<\/span>\n\t\t\t\t\t<\/button>\n\t\t\t\t<\/div>\n\t\t\t<\/div>\n\t\t<\/form>\n\t\t\t\t\t\t<\/div>\n\t\t\t\t<\/div>\n\t\t\t\t\t<\/div>\n\t\t<\/div>\n\t\t\t\t\t<\/div>\n\t\t<\/section>\n\t\t\t\t<\/div>\n\t\t","protected":false},"excerpt":{"rendered":"<p>Sobre nosaltres Llicenciat en Administraci\u00f3 i Direcci\u00f3 d&#8217;Empreses, la meva traject\u00f2ria professional neix en les inversions immobili\u00e0ries. Actualment, juntament amb Christopher Duburqc, un cellerer de la Proven\u00e7a Francesa, dirigeixo Clos Porrera, empresa dedicada a la vinya i a l&#8217;elaboraci\u00f3 de vins. La nostra visi\u00f3 sobre La Peixera, finca de 40 hect\u00e0rees que posse\u00efm a Porrera, &#8230; <a title=\"Sobre nosaltres\" class=\"read-more\" href=\"https:\/\/prioratinvest.com\/ca\/sobre-nosaltres\/\" aria-label=\"M\u00e9s informaci\u00f3 sobre Sobre nosaltres\">Llegiu m\u00e9s<\/a><\/p>\n","protected":false},"author":1,"featured_media":0,"parent":0,"menu_order":0,"comment_status":"closed","ping_status":"closed","template":"","meta":{"footnotes":""},"class_list":["post-2966","page","type-page","status-publish"],"yoast_head":"<!-- This site is optimized with the Yoast SEO plugin v27.4 - https:\/\/yoast.com\/product\/yoast-seo-wordpress\/ -->\n<title>Sobre nosaltres - Priorat Invest<\/title>\n<meta name=\"robots\" content=\"index, follow, max-snippet:-1, max-image-preview:large, max-video-preview:-1\" \/>\n<link rel=\"canonical\" href=\"https:\/\/prioratinvest.com\/ca\/sobre-nosaltres\/\" \/>\n<meta property=\"og:locale\" content=\"ca_ES\" \/>\n<meta property=\"og:type\" content=\"article\" \/>\n<meta property=\"og:title\" content=\"Sobre nosaltres - Priorat Invest\" \/>\n<meta property=\"og:description\" content=\"Sobre nosaltres Llicenciat en Administraci\u00f3 i Direcci\u00f3 d&#8217;Empreses, la meva traject\u00f2ria professional neix en les inversions immobili\u00e0ries. Actualment, juntament amb Christopher Duburqc, un cellerer de la Proven\u00e7a Francesa, dirigeixo Clos Porrera, empresa dedicada a la vinya i a l&#8217;elaboraci\u00f3 de vins. La nostra visi\u00f3 sobre La Peixera, finca de 40 hect\u00e0rees que posse\u00efm a Porrera, ... Llegiu m\u00e9s\" \/>\n<meta property=\"og:url\" content=\"https:\/\/prioratinvest.com\/ca\/sobre-nosaltres\/\" \/>\n<meta property=\"og:site_name\" content=\"Priorat Invest\" \/>\n<meta property=\"article:modified_time\" content=\"2023-12-20T07:58:32+00:00\" \/>\n<meta property=\"og:image\" content=\"https:\/\/prioratinvest.com\/wp-content\/uploads\/2022\/01\/isotipo-azul.svg\" \/>\n<meta name=\"twitter:card\" content=\"summary_large_image\" \/>\n<meta name=\"twitter:label1\" content=\"Temps estimat de lectura\" \/>\n\t<meta name=\"twitter:data1\" content=\"1 minut\" \/>\n<script type=\"application\/ld+json\" class=\"yoast-schema-graph\">{\"@context\":\"https:\\\/\\\/schema.org\",\"@graph\":[{\"@type\":\"WebPage\",\"@id\":\"https:\\\/\\\/prioratinvest.com\\\/ca\\\/sobre-nosaltres\\\/\",\"url\":\"https:\\\/\\\/prioratinvest.com\\\/ca\\\/sobre-nosaltres\\\/\",\"name\":\"Sobre nosaltres - Priorat Invest\",\"isPartOf\":{\"@id\":\"https:\\\/\\\/prioratinvest.com\\\/#website\"},\"primaryImageOfPage\":{\"@id\":\"https:\\\/\\\/prioratinvest.com\\\/ca\\\/sobre-nosaltres\\\/#primaryimage\"},\"image\":{\"@id\":\"https:\\\/\\\/prioratinvest.com\\\/ca\\\/sobre-nosaltres\\\/#primaryimage\"},\"thumbnailUrl\":\"https:\\\/\\\/prioratinvest.com\\\/wp-content\\\/uploads\\\/2022\\\/01\\\/isotipo-azul.svg\",\"datePublished\":\"2022-09-01T16:36:46+00:00\",\"dateModified\":\"2023-12-20T07:58:32+00:00\",\"breadcrumb\":{\"@id\":\"https:\\\/\\\/prioratinvest.com\\\/ca\\\/sobre-nosaltres\\\/#breadcrumb\"},\"inLanguage\":\"ca\",\"potentialAction\":[{\"@type\":\"ReadAction\",\"target\":[\"https:\\\/\\\/prioratinvest.com\\\/ca\\\/sobre-nosaltres\\\/\"]}]},{\"@type\":\"ImageObject\",\"inLanguage\":\"ca\",\"@id\":\"https:\\\/\\\/prioratinvest.com\\\/ca\\\/sobre-nosaltres\\\/#primaryimage\",\"url\":\"https:\\\/\\\/prioratinvest.com\\\/wp-content\\\/uploads\\\/2022\\\/01\\\/isotipo-azul.svg\",\"contentUrl\":\"https:\\\/\\\/prioratinvest.com\\\/wp-content\\\/uploads\\\/2022\\\/01\\\/isotipo-azul.svg\"},{\"@type\":\"BreadcrumbList\",\"@id\":\"https:\\\/\\\/prioratinvest.com\\\/ca\\\/sobre-nosaltres\\\/#breadcrumb\",\"itemListElement\":[{\"@type\":\"ListItem\",\"position\":1,\"name\":\"Portada\",\"item\":\"https:\\\/\\\/prioratinvest.com\\\/ca\\\/inversions-al-priorat\\\/\"},{\"@type\":\"ListItem\",\"position\":2,\"name\":\"Sobre nosaltres\"}]},{\"@type\":\"WebSite\",\"@id\":\"https:\\\/\\\/prioratinvest.com\\\/#website\",\"url\":\"https:\\\/\\\/prioratinvest.com\\\/\",\"name\":\"Priorat Invest\",\"description\":\"Inversiones en fincas r\u00fastica, vi\u00f1a y bodegas en el Piorat\",\"publisher\":{\"@id\":\"https:\\\/\\\/prioratinvest.com\\\/#organization\"},\"potentialAction\":[{\"@type\":\"SearchAction\",\"target\":{\"@type\":\"EntryPoint\",\"urlTemplate\":\"https:\\\/\\\/prioratinvest.com\\\/?s={search_term_string}\"},\"query-input\":{\"@type\":\"PropertyValueSpecification\",\"valueRequired\":true,\"valueName\":\"search_term_string\"}}],\"inLanguage\":\"ca\"},{\"@type\":\"Organization\",\"@id\":\"https:\\\/\\\/prioratinvest.com\\\/#organization\",\"name\":\"Priorat Invest\",\"url\":\"https:\\\/\\\/prioratinvest.com\\\/\",\"logo\":{\"@type\":\"ImageObject\",\"inLanguage\":\"ca\",\"@id\":\"https:\\\/\\\/prioratinvest.com\\\/#\\\/schema\\\/logo\\\/image\\\/\",\"url\":\"https:\\\/\\\/prioratinvest.com\\\/wp-content\\\/uploads\\\/2022\\\/01\\\/imagotipo-azul.svg\",\"contentUrl\":\"https:\\\/\\\/prioratinvest.com\\\/wp-content\\\/uploads\\\/2022\\\/01\\\/imagotipo-azul.svg\",\"width\":838,\"height\":177,\"caption\":\"Priorat Invest\"},\"image\":{\"@id\":\"https:\\\/\\\/prioratinvest.com\\\/#\\\/schema\\\/logo\\\/image\\\/\"}}]}<\/script>\n<!-- \/ Yoast SEO plugin. -->","yoast_head_json":{"title":"Sobre nosaltres - Priorat Invest","robots":{"index":"index","follow":"follow","max-snippet":"max-snippet:-1","max-image-preview":"max-image-preview:large","max-video-preview":"max-video-preview:-1"},"canonical":"https:\/\/prioratinvest.com\/ca\/sobre-nosaltres\/","og_locale":"ca_ES","og_type":"article","og_title":"Sobre nosaltres - Priorat Invest","og_description":"Sobre nosaltres Llicenciat en Administraci\u00f3 i Direcci\u00f3 d&#8217;Empreses, la meva traject\u00f2ria professional neix en les inversions immobili\u00e0ries. Actualment, juntament amb Christopher Duburqc, un cellerer de la Proven\u00e7a Francesa, dirigeixo Clos Porrera, empresa dedicada a la vinya i a l&#8217;elaboraci\u00f3 de vins. La nostra visi\u00f3 sobre La Peixera, finca de 40 hect\u00e0rees que posse\u00efm a Porrera, ... Llegiu m\u00e9s","og_url":"https:\/\/prioratinvest.com\/ca\/sobre-nosaltres\/","og_site_name":"Priorat Invest","article_modified_time":"2023-12-20T07:58:32+00:00","og_image":[{"url":"https:\/\/prioratinvest.com\/wp-content\/uploads\/2022\/01\/isotipo-azul.svg","type":"","width":"","height":""}],"twitter_card":"summary_large_image","twitter_misc":{"Temps estimat de lectura":"1 minut"},"schema":{"@context":"https:\/\/schema.org","@graph":[{"@type":"WebPage","@id":"https:\/\/prioratinvest.com\/ca\/sobre-nosaltres\/","url":"https:\/\/prioratinvest.com\/ca\/sobre-nosaltres\/","name":"Sobre nosaltres - Priorat Invest","isPartOf":{"@id":"https:\/\/prioratinvest.com\/#website"},"primaryImageOfPage":{"@id":"https:\/\/prioratinvest.com\/ca\/sobre-nosaltres\/#primaryimage"},"image":{"@id":"https:\/\/prioratinvest.com\/ca\/sobre-nosaltres\/#primaryimage"},"thumbnailUrl":"https:\/\/prioratinvest.com\/wp-content\/uploads\/2022\/01\/isotipo-azul.svg","datePublished":"2022-09-01T16:36:46+00:00","dateModified":"2023-12-20T07:58:32+00:00","breadcrumb":{"@id":"https:\/\/prioratinvest.com\/ca\/sobre-nosaltres\/#breadcrumb"},"inLanguage":"ca","potentialAction":[{"@type":"ReadAction","target":["https:\/\/prioratinvest.com\/ca\/sobre-nosaltres\/"]}]},{"@type":"ImageObject","inLanguage":"ca","@id":"https:\/\/prioratinvest.com\/ca\/sobre-nosaltres\/#primaryimage","url":"https:\/\/prioratinvest.com\/wp-content\/uploads\/2022\/01\/isotipo-azul.svg","contentUrl":"https:\/\/prioratinvest.com\/wp-content\/uploads\/2022\/01\/isotipo-azul.svg"},{"@type":"BreadcrumbList","@id":"https:\/\/prioratinvest.com\/ca\/sobre-nosaltres\/#breadcrumb","itemListElement":[{"@type":"ListItem","position":1,"name":"Portada","item":"https:\/\/prioratinvest.com\/ca\/inversions-al-priorat\/"},{"@type":"ListItem","position":2,"name":"Sobre nosaltres"}]},{"@type":"WebSite","@id":"https:\/\/prioratinvest.com\/#website","url":"https:\/\/prioratinvest.com\/","name":"Priorat Invest","description":"Inversiones en fincas r\u00fastica, vi\u00f1a y bodegas en el Piorat","publisher":{"@id":"https:\/\/prioratinvest.com\/#organization"},"potentialAction":[{"@type":"SearchAction","target":{"@type":"EntryPoint","urlTemplate":"https:\/\/prioratinvest.com\/?s={search_term_string}"},"query-input":{"@type":"PropertyValueSpecification","valueRequired":true,"valueName":"search_term_string"}}],"inLanguage":"ca"},{"@type":"Organization","@id":"https:\/\/prioratinvest.com\/#organization","name":"Priorat Invest","url":"https:\/\/prioratinvest.com\/","logo":{"@type":"ImageObject","inLanguage":"ca","@id":"https:\/\/prioratinvest.com\/#\/schema\/logo\/image\/","url":"https:\/\/prioratinvest.com\/wp-content\/uploads\/2022\/01\/imagotipo-azul.svg","contentUrl":"https:\/\/prioratinvest.com\/wp-content\/uploads\/2022\/01\/imagotipo-azul.svg","width":838,"height":177,"caption":"Priorat Invest"},"image":{"@id":"https:\/\/prioratinvest.com\/#\/schema\/logo\/image\/"}}]}},"_links":{"self":[{"href":"https:\/\/prioratinvest.com\/ca\/wp-json\/wp\/v2\/pages\/2966","targetHints":{"allow":["GET"]}}],"collection":[{"href":"https:\/\/prioratinvest.com\/ca\/wp-json\/wp\/v2\/pages"}],"about":[{"href":"https:\/\/prioratinvest.com\/ca\/wp-json\/wp\/v2\/types\/page"}],"author":[{"embeddable":true,"href":"https:\/\/prioratinvest.com\/ca\/wp-json\/wp\/v2\/users\/1"}],"replies":[{"embeddable":true,"href":"https:\/\/prioratinvest.com\/ca\/wp-json\/wp\/v2\/comments?post=2966"}],"version-history":[{"count":1,"href":"https:\/\/prioratinvest.com\/ca\/wp-json\/wp\/v2\/pages\/2966\/revisions"}],"predecessor-version":[{"id":2967,"href":"https:\/\/prioratinvest.com\/ca\/wp-json\/wp\/v2\/pages\/2966\/revisions\/2967"}],"wp:attachment":[{"href":"https:\/\/prioratinvest.com\/ca\/wp-json\/wp\/v2\/media?parent=2966"}],"curies":[{"name":"wp","href":"https:\/\/api.w.org\/{rel}","templated":true}]}}