{"id":2559,"date":"2022-02-22T15:04:40","date_gmt":"2022-02-22T15:04:40","guid":{"rendered":"https:\/\/prioratinvest.com\/contact\/"},"modified":"2024-01-03T07:52:25","modified_gmt":"2024-01-03T07:52:25","slug":"contact","status":"publish","type":"page","link":"https:\/\/prioratinvest.com\/en\/contact\/","title":{"rendered":"Contact"},"content":{"rendered":"\t\t<div data-elementor-type=\"wp-page\" data-elementor-id=\"2559\" class=\"elementor elementor-2559 elementor-387\" data-elementor-post-type=\"page\">\n\t\t\t\t\t\t<section class=\"elementor-section elementor-top-section elementor-element elementor-element-d63fa5b elementor-section-boxed elementor-section-height-default elementor-section-height-default\" data-id=\"d63fa5b\" data-element_type=\"section\" data-e-type=\"section\" id=\"contacto0\" data-settings=\"{&quot;background_background&quot;:&quot;classic&quot;}\">\n\t\t\t\t\t\t<div class=\"elementor-container elementor-column-gap-default\">\n\t\t\t\t\t<div class=\"elementor-column elementor-col-100 elementor-top-column elementor-element elementor-element-9e4e7be elementor-invisible\" data-id=\"9e4e7be\" data-element_type=\"column\" data-e-type=\"column\" data-settings=\"{&quot;animation&quot;:&quot;fadeIn&quot;,&quot;animation_delay&quot;:500}\">\n\t\t\t<div class=\"elementor-widget-wrap elementor-element-populated\">\n\t\t\t\t\t\t<div class=\"elementor-element elementor-element-e19135d elementor-widget elementor-widget-text-editor\" data-id=\"e19135d\" data-element_type=\"widget\" data-e-type=\"widget\" data-widget_type=\"text-editor.default\">\n\t\t\t\t<div class=\"elementor-widget-container\">\n\t\t\t\t\t\t\t\t\t<h1>Connect with <i>our team<\/i><\/h1>\n\t\t\t\t\t\t\t\t<\/div>\n\t\t\t\t<\/div>\n\t\t\t\t<div class=\"elementor-element elementor-element-7739941 elementor-widget-divider--view-line elementor-widget elementor-widget-divider\" data-id=\"7739941\" data-element_type=\"widget\" data-e-type=\"widget\" data-widget_type=\"divider.default\">\n\t\t\t\t<div class=\"elementor-widget-container\">\n\t\t\t\t\t\t\t<div class=\"elementor-divider\">\n\t\t\t<span class=\"elementor-divider-separator\">\n\t\t\t\t\t\t<\/span>\n\t\t<\/div>\n\t\t\t\t\t\t<\/div>\n\t\t\t\t<\/div>\n\t\t\t\t<div class=\"elementor-element elementor-element-23929e4 elementor-widget elementor-widget-text-editor\" data-id=\"23929e4\" data-element_type=\"widget\" data-e-type=\"widget\" data-widget_type=\"text-editor.default\">\n\t\t\t\t<div class=\"elementor-widget-container\">\n\t\t\t\t\t\t\t\t\t<p><strong>Address:<\/strong> <a href=\"https:\/\/www.google.es\/maps\/place\/C.+de+Miquel+Barcel%C3%B3,+6,+43730+Falset,+Tarragona\/@41.14463,0.8180713,17z\/data=!3m1!4b1!4m6!3m5!1s0x12a130cf78e1192f:0x6a80c91a7bb1e31f!8m2!3d41.14463!4d0.82026!16s%2Fg%2F11c1z61llh?hl=es\" target=\"_blank\" rel=\"noopener\">C\/ Miquel Barcel\u00f3 6 43730 Falset<\/a><\/p>\n\t\t\t\t\t\t\t\t<\/div>\n\t\t\t\t<\/div>\n\t\t\t\t<div class=\"elementor-element elementor-element-9b38b04 elementor-align-center elementor-widget elementor-widget-button\" data-id=\"9b38b04\" data-element_type=\"widget\" data-e-type=\"widget\" data-widget_type=\"button.default\">\n\t\t\t\t<div class=\"elementor-widget-container\">\n\t\t\t\t\t\t\t\t\t<div class=\"elementor-button-wrapper\">\n\t\t\t\t\t<a class=\"elementor-button elementor-button-link elementor-size-sm\" href=\"\">\n\t\t\t\t\t\t<span class=\"elementor-button-content-wrapper\">\n\t\t\t\t\t\t\t\t\t<span class=\"elementor-button-text\">Phone: +34 696 777 141<\/span>\n\t\t\t\t\t<\/span>\n\t\t\t\t\t<\/a>\n\t\t\t\t<\/div>\n\t\t\t\t\t\t\t\t<\/div>\n\t\t\t\t<\/div>\n\t\t\t\t<div class=\"elementor-element elementor-element-9684d1f elementor-widget elementor-widget-text-editor\" data-id=\"9684d1f\" data-element_type=\"widget\" data-e-type=\"widget\" data-widget_type=\"text-editor.default\">\n\t\t\t\t<div class=\"elementor-widget-container\">\n\t\t\t\t\t\t\t\t\t<p><strong>Email:<\/strong> <a href=\"info@prioratinvest.com\">info@prioratinvest.com<\/a><\/p>\n\t\t\t\t\t\t\t\t<\/div>\n\t\t\t\t<\/div>\n\t\t\t\t<div class=\"elementor-element elementor-element-f63d878 elementor-widget-divider--view-line elementor-widget elementor-widget-divider\" data-id=\"f63d878\" data-element_type=\"widget\" data-e-type=\"widget\" data-widget_type=\"divider.default\">\n\t\t\t\t<div class=\"elementor-widget-container\">\n\t\t\t\t\t\t\t<div class=\"elementor-divider\">\n\t\t\t<span class=\"elementor-divider-separator\">\n\t\t\t\t\t\t<\/span>\n\t\t<\/div>\n\t\t\t\t\t\t<\/div>\n\t\t\t\t<\/div>\n\t\t\t\t<div class=\"elementor-element elementor-element-4d0b81c elementor-widget elementor-widget-text-editor\" data-id=\"4d0b81c\" data-element_type=\"widget\" data-e-type=\"widget\" data-widget_type=\"text-editor.default\">\n\t\t\t\t<div class=\"elementor-widget-container\">\n\t\t\t\t\t\t\t\t\t<p>Si quieres m\u00e1s informaci\u00f3n a cerca de nuestros servicios, rellena el siguiente formulario.<\/p>\n\t\t\t\t\t\t\t\t<\/div>\n\t\t\t\t<\/div>\n\t\t\t\t<div class=\"elementor-element elementor-element-6607d40 elementor-widget elementor-widget-spacer\" data-id=\"6607d40\" data-element_type=\"widget\" data-e-type=\"widget\" data-widget_type=\"spacer.default\">\n\t\t\t\t<div class=\"elementor-widget-container\">\n\t\t\t\t\t\t\t<div class=\"elementor-spacer\">\n\t\t\t<div class=\"elementor-spacer-inner\"><\/div>\n\t\t<\/div>\n\t\t\t\t\t\t<\/div>\n\t\t\t\t<\/div>\n\t\t\t\t<div class=\"elementor-element elementor-element-e7132ce elementor-button-align-start elementor-widget elementor-widget-form\" data-id=\"e7132ce\" data-element_type=\"widget\" data-e-type=\"widget\" data-settings=\"{&quot;step_next_label&quot;:&quot;Next&quot;,&quot;step_previous_label&quot;:&quot;Previous&quot;,&quot;button_width&quot;:&quot;100&quot;,&quot;step_type&quot;:&quot;number_text&quot;,&quot;step_icon_shape&quot;:&quot;circle&quot;}\" data-widget_type=\"form.default\">\n\t\t\t\t<div class=\"elementor-widget-container\">\n\t\t\t\t\t\t\t<form class=\"elementor-form\" method=\"post\" name=\"Formulario Home Web\" aria-label=\"Formulario Home Web\">\n\t\t\t<input type=\"hidden\" name=\"post_id\" value=\"2559\"\/>\n\t\t\t<input type=\"hidden\" name=\"form_id\" value=\"e7132ce\"\/>\n\t\t\t<input type=\"hidden\" name=\"referer_title\" value=\"Contact - Priorat Invest\" \/>\n\n\t\t\t\t\t\t\t<input type=\"hidden\" name=\"queried_id\" value=\"2559\"\/>\n\t\t\t\n\t\t\t<div class=\"elementor-form-fields-wrapper elementor-labels-above\">\n\t\t\t\t\t\t\t\t<div class=\"elementor-field-type-text elementor-field-group elementor-column elementor-field-group-name elementor-col-33 elementor-field-required elementor-mark-required\">\n\t\t\t\t\t\t\t\t\t\t\t\t<label for=\"form-field-name\" class=\"elementor-field-label\">\n\t\t\t\t\t\t\t\tName:\t\t\t\t\t\t\t<\/label>\n\t\t\t\t\t\t\t\t\t\t\t\t\t\t<input size=\"1\" type=\"text\" name=\"form_fields[name]\" id=\"form-field-name\" class=\"elementor-field elementor-size-sm  elementor-field-textual\" required=\"required\">\n\t\t\t\t\t\t\t\t\t\t\t<\/div>\n\t\t\t\t\t\t\t\t<div class=\"elementor-field-type-email elementor-field-group elementor-column elementor-field-group-email elementor-col-33 elementor-field-required elementor-mark-required\">\n\t\t\t\t\t\t\t\t\t\t\t\t<label for=\"form-field-email\" class=\"elementor-field-label\">\n\t\t\t\t\t\t\t\tEmail:\t\t\t\t\t\t\t<\/label>\n\t\t\t\t\t\t\t\t\t\t\t\t\t\t<input size=\"1\" type=\"email\" name=\"form_fields[email]\" id=\"form-field-email\" class=\"elementor-field elementor-size-sm  elementor-field-textual\" required=\"required\">\n\t\t\t\t\t\t\t\t\t\t\t<\/div>\n\t\t\t\t\t\t\t\t<div class=\"elementor-field-type-tel elementor-field-group elementor-column elementor-field-group-field_8306d94 elementor-col-33 elementor-field-required elementor-mark-required\">\n\t\t\t\t\t\t\t\t\t\t\t\t<label for=\"form-field-field_8306d94\" class=\"elementor-field-label\">\n\t\t\t\t\t\t\t\tPhone:\t\t\t\t\t\t\t<\/label>\n\t\t\t\t\t\t\t\t<input size=\"1\" type=\"tel\" name=\"form_fields[field_8306d94]\" id=\"form-field-field_8306d94\" class=\"elementor-field elementor-size-sm  elementor-field-textual\" required=\"required\" pattern=\"[0-9()#&amp;+*-=.]+\" title=\"Only numbers and phone characters (#, -, *, etc) are accepted.\">\n\n\t\t\t\t\t\t<\/div>\n\t\t\t\t\t\t\t\t<div class=\"elementor-field-type-textarea elementor-field-group elementor-column elementor-field-group-message elementor-col-100\">\n\t\t\t\t\t\t\t\t\t\t\t\t<label for=\"form-field-message\" class=\"elementor-field-label\">\n\t\t\t\t\t\t\t\tMessage:\t\t\t\t\t\t\t<\/label>\n\t\t\t\t\t\t<textarea class=\"elementor-field-textual elementor-field  elementor-size-sm\" name=\"form_fields[message]\" id=\"form-field-message\" rows=\"1\"><\/textarea>\t\t\t\t<\/div>\n\t\t\t\t\t\t\t\t<div class=\"elementor-field-type-acceptance elementor-field-group elementor-column elementor-field-group-field_c2fecd8 elementor-col-100 elementor-field-required elementor-mark-required\">\n\t\t\t\t\t\t\t<div class=\"elementor-field-subgroup\">\n\t\t\t<span class=\"elementor-field-option\">\n\t\t\t\t<input type=\"checkbox\" name=\"form_fields[field_c2fecd8]\" id=\"form-field-field_c2fecd8\" class=\"elementor-field elementor-size-sm  elementor-acceptance-field\" required=\"required\">\n\t\t\t\t<label for=\"form-field-field_c2fecd8\">I have read and accept the <a href=\"https:\/\/https:\/\/prioratinvest.com\/politica-privacidad\">consent clauses and privacy policy.<\/a><\/label>\t\t\t<\/span>\n\t\t<\/div>\n\t\t\t\t\t\t<\/div>\n\t\t\t\t\t\t\t\t<div class=\"elementor-field-type-recaptcha_v3 elementor-field-group elementor-column elementor-field-group-field_3e28bff elementor-col-100 recaptcha_v3-bottomright\">\n\t\t\t\t\t<div class=\"elementor-field\" id=\"form-field-field_3e28bff\"><div class=\"elementor-g-recaptcha\" data-sitekey=\"6LcxYjcnAAAAAAcpPCPi0QFtm_uOHGtQ2ZAWAqtJ\" data-type=\"v3\" data-action=\"Form\" data-badge=\"bottomright\" data-size=\"invisible\"><\/div><\/div>\t\t\t\t<\/div>\n\t\t\t\t\t\t\t\t<div class=\"elementor-field-group elementor-column elementor-field-type-submit elementor-col-100 e-form__buttons\">\n\t\t\t\t\t<button class=\"elementor-button elementor-size-lg\" type=\"submit\">\n\t\t\t\t\t\t<span class=\"elementor-button-content-wrapper\">\n\t\t\t\t\t\t\t\t\t\t\t\t\t\t\t\t\t\t\t\t\t\t<span class=\"elementor-button-text\">Send<\/span>\n\t\t\t\t\t\t\t\t\t\t\t\t\t<\/span>\n\t\t\t\t\t<\/button>\n\t\t\t\t<\/div>\n\t\t\t<\/div>\n\t\t<\/form>\n\t\t\t\t\t\t<\/div>\n\t\t\t\t<\/div>\n\t\t\t\t<div class=\"elementor-element elementor-element-b66c64d elementor-widget-divider--view-line elementor-widget elementor-widget-divider\" data-id=\"b66c64d\" data-element_type=\"widget\" data-e-type=\"widget\" data-widget_type=\"divider.default\">\n\t\t\t\t<div class=\"elementor-widget-container\">\n\t\t\t\t\t\t\t<div class=\"elementor-divider\">\n\t\t\t<span class=\"elementor-divider-separator\">\n\t\t\t\t\t\t<\/span>\n\t\t<\/div>\n\t\t\t\t\t\t<\/div>\n\t\t\t\t<\/div>\n\t\t\t\t\t<\/div>\n\t\t<\/div>\n\t\t\t\t\t<\/div>\n\t\t<\/section>\n\t\t\t\t<section class=\"elementor-section elementor-top-section elementor-element elementor-element-979f2a6 elementor-section-full_width elementor-section-height-default elementor-section-height-default\" data-id=\"979f2a6\" data-element_type=\"section\" data-e-type=\"section\">\n\t\t\t\t\t\t<div class=\"elementor-container elementor-column-gap-default\">\n\t\t\t\t\t<div class=\"elementor-column elementor-col-100 elementor-top-column elementor-element elementor-element-769e549\" data-id=\"769e549\" data-element_type=\"column\" data-e-type=\"column\">\n\t\t\t<div class=\"elementor-widget-wrap elementor-element-populated\">\n\t\t\t\t\t\t<div class=\"elementor-element elementor-element-70fc152 elementor-widget elementor-widget-google_maps\" data-id=\"70fc152\" data-element_type=\"widget\" data-e-type=\"widget\" data-widget_type=\"google_maps.default\">\n\t\t\t\t<div class=\"elementor-widget-container\">\n\t\t\t\t\t\t\t<div class=\"elementor-custom-embed\">\n\t\t\t<iframe loading=\"lazy\"\n\t\t\t\t\tsrc=\"https:\/\/maps.google.com\/maps?q=C.%20de%20Miquel%20Barcel%C3%B3%2C%206&#038;t=m&#038;z=16&#038;output=embed&#038;iwloc=near\"\n\t\t\t\t\ttitle=\"C. de Miquel Barcel\u00f3, 6\"\n\t\t\t\t\taria-label=\"C. de Miquel Barcel\u00f3, 6\"\n\t\t\t><\/iframe>\n\t\t<\/div>\n\t\t\t\t\t\t<\/div>\n\t\t\t\t<\/div>\n\t\t\t\t\t<\/div>\n\t\t<\/div>\n\t\t\t\t\t<\/div>\n\t\t<\/section>\n\t\t\t\t<\/div>\n\t\t","protected":false},"excerpt":{"rendered":"<p>Connect with our team Address: C\/ Miquel Barcel\u00f3 6 43730 Falset Phone: +34 696 777 141 Email: info@prioratinvest.com Si quieres m\u00e1s informaci\u00f3n a cerca de nuestros servicios, rellena el siguiente formulario.<\/p>\n","protected":false},"author":1,"featured_media":0,"parent":0,"menu_order":0,"comment_status":"closed","ping_status":"closed","template":"","meta":{"footnotes":""},"class_list":["post-2559","page","type-page","status-publish"],"yoast_head":"<!-- This site is optimized with the Yoast SEO plugin v27.4 - https:\/\/yoast.com\/product\/yoast-seo-wordpress\/ -->\n<title>Contact - Priorat Invest<\/title>\n<meta name=\"robots\" content=\"index, follow, max-snippet:-1, max-image-preview:large, max-video-preview:-1\" \/>\n<link rel=\"canonical\" href=\"https:\/\/prioratinvest.com\/contacto\/\" \/>\n<meta property=\"og:locale\" content=\"en_US\" \/>\n<meta property=\"og:type\" content=\"article\" \/>\n<meta property=\"og:title\" content=\"Contact - Priorat Invest\" \/>\n<meta property=\"og:description\" content=\"Connect with our team Address: C\/ Miquel Barcel\u00f3 6 43730 Falset Phone: +34 696 777 141 Email: info@prioratinvest.com Si quieres m\u00e1s informaci\u00f3n a cerca de nuestros servicios, rellena el siguiente formulario.\" \/>\n<meta property=\"og:url\" content=\"https:\/\/prioratinvest.com\/contacto\/\" \/>\n<meta property=\"og:site_name\" content=\"Priorat Invest\" \/>\n<meta property=\"article:modified_time\" content=\"2024-01-03T07:52:25+00:00\" \/>\n<meta name=\"twitter:card\" content=\"summary_large_image\" \/>\n<script type=\"application\/ld+json\" class=\"yoast-schema-graph\">{\"@context\":\"https:\\\/\\\/schema.org\",\"@graph\":[{\"@type\":\"WebPage\",\"@id\":\"https:\\\/\\\/prioratinvest.com\\\/contacto\\\/\",\"url\":\"https:\\\/\\\/prioratinvest.com\\\/contacto\\\/\",\"name\":\"Contact - Priorat Invest\",\"isPartOf\":{\"@id\":\"https:\\\/\\\/prioratinvest.com\\\/#website\"},\"datePublished\":\"2022-02-22T15:04:40+00:00\",\"dateModified\":\"2024-01-03T07:52:25+00:00\",\"breadcrumb\":{\"@id\":\"https:\\\/\\\/prioratinvest.com\\\/contacto\\\/#breadcrumb\"},\"inLanguage\":\"en-US\",\"potentialAction\":[{\"@type\":\"ReadAction\",\"target\":[\"https:\\\/\\\/prioratinvest.com\\\/contacto\\\/\"]}]},{\"@type\":\"BreadcrumbList\",\"@id\":\"https:\\\/\\\/prioratinvest.com\\\/contacto\\\/#breadcrumb\",\"itemListElement\":[{\"@type\":\"ListItem\",\"position\":1,\"name\":\"Portada\",\"item\":\"https:\\\/\\\/prioratinvest.com\\\/\"},{\"@type\":\"ListItem\",\"position\":2,\"name\":\"Contact\"}]},{\"@type\":\"WebSite\",\"@id\":\"https:\\\/\\\/prioratinvest.com\\\/#website\",\"url\":\"https:\\\/\\\/prioratinvest.com\\\/\",\"name\":\"Priorat Invest\",\"description\":\"Inversiones en fincas r\u00fastica, vi\u00f1a y bodegas en el Piorat\",\"publisher\":{\"@id\":\"https:\\\/\\\/prioratinvest.com\\\/#organization\"},\"potentialAction\":[{\"@type\":\"SearchAction\",\"target\":{\"@type\":\"EntryPoint\",\"urlTemplate\":\"https:\\\/\\\/prioratinvest.com\\\/?s={search_term_string}\"},\"query-input\":{\"@type\":\"PropertyValueSpecification\",\"valueRequired\":true,\"valueName\":\"search_term_string\"}}],\"inLanguage\":\"en-US\"},{\"@type\":\"Organization\",\"@id\":\"https:\\\/\\\/prioratinvest.com\\\/#organization\",\"name\":\"Priorat Invest\",\"url\":\"https:\\\/\\\/prioratinvest.com\\\/\",\"logo\":{\"@type\":\"ImageObject\",\"inLanguage\":\"en-US\",\"@id\":\"https:\\\/\\\/prioratinvest.com\\\/#\\\/schema\\\/logo\\\/image\\\/\",\"url\":\"https:\\\/\\\/prioratinvest.com\\\/wp-content\\\/uploads\\\/2022\\\/01\\\/imagotipo-azul.svg\",\"contentUrl\":\"https:\\\/\\\/prioratinvest.com\\\/wp-content\\\/uploads\\\/2022\\\/01\\\/imagotipo-azul.svg\",\"width\":838,\"height\":177,\"caption\":\"Priorat Invest\"},\"image\":{\"@id\":\"https:\\\/\\\/prioratinvest.com\\\/#\\\/schema\\\/logo\\\/image\\\/\"}}]}<\/script>\n<!-- \/ Yoast SEO plugin. -->","yoast_head_json":{"title":"Contact - Priorat Invest","robots":{"index":"index","follow":"follow","max-snippet":"max-snippet:-1","max-image-preview":"max-image-preview:large","max-video-preview":"max-video-preview:-1"},"canonical":"https:\/\/prioratinvest.com\/contacto\/","og_locale":"en_US","og_type":"article","og_title":"Contact - Priorat Invest","og_description":"Connect with our team Address: C\/ Miquel Barcel\u00f3 6 43730 Falset Phone: +34 696 777 141 Email: info@prioratinvest.com Si quieres m\u00e1s informaci\u00f3n a cerca de nuestros servicios, rellena el siguiente formulario.","og_url":"https:\/\/prioratinvest.com\/contacto\/","og_site_name":"Priorat Invest","article_modified_time":"2024-01-03T07:52:25+00:00","twitter_card":"summary_large_image","schema":{"@context":"https:\/\/schema.org","@graph":[{"@type":"WebPage","@id":"https:\/\/prioratinvest.com\/contacto\/","url":"https:\/\/prioratinvest.com\/contacto\/","name":"Contact - Priorat Invest","isPartOf":{"@id":"https:\/\/prioratinvest.com\/#website"},"datePublished":"2022-02-22T15:04:40+00:00","dateModified":"2024-01-03T07:52:25+00:00","breadcrumb":{"@id":"https:\/\/prioratinvest.com\/contacto\/#breadcrumb"},"inLanguage":"en-US","potentialAction":[{"@type":"ReadAction","target":["https:\/\/prioratinvest.com\/contacto\/"]}]},{"@type":"BreadcrumbList","@id":"https:\/\/prioratinvest.com\/contacto\/#breadcrumb","itemListElement":[{"@type":"ListItem","position":1,"name":"Portada","item":"https:\/\/prioratinvest.com\/"},{"@type":"ListItem","position":2,"name":"Contact"}]},{"@type":"WebSite","@id":"https:\/\/prioratinvest.com\/#website","url":"https:\/\/prioratinvest.com\/","name":"Priorat Invest","description":"Inversiones en fincas r\u00fastica, vi\u00f1a y bodegas en el Piorat","publisher":{"@id":"https:\/\/prioratinvest.com\/#organization"},"potentialAction":[{"@type":"SearchAction","target":{"@type":"EntryPoint","urlTemplate":"https:\/\/prioratinvest.com\/?s={search_term_string}"},"query-input":{"@type":"PropertyValueSpecification","valueRequired":true,"valueName":"search_term_string"}}],"inLanguage":"en-US"},{"@type":"Organization","@id":"https:\/\/prioratinvest.com\/#organization","name":"Priorat Invest","url":"https:\/\/prioratinvest.com\/","logo":{"@type":"ImageObject","inLanguage":"en-US","@id":"https:\/\/prioratinvest.com\/#\/schema\/logo\/image\/","url":"https:\/\/prioratinvest.com\/wp-content\/uploads\/2022\/01\/imagotipo-azul.svg","contentUrl":"https:\/\/prioratinvest.com\/wp-content\/uploads\/2022\/01\/imagotipo-azul.svg","width":838,"height":177,"caption":"Priorat Invest"},"image":{"@id":"https:\/\/prioratinvest.com\/#\/schema\/logo\/image\/"}}]}},"_links":{"self":[{"href":"https:\/\/prioratinvest.com\/en\/wp-json\/wp\/v2\/pages\/2559","targetHints":{"allow":["GET"]}}],"collection":[{"href":"https:\/\/prioratinvest.com\/en\/wp-json\/wp\/v2\/pages"}],"about":[{"href":"https:\/\/prioratinvest.com\/en\/wp-json\/wp\/v2\/types\/page"}],"author":[{"embeddable":true,"href":"https:\/\/prioratinvest.com\/en\/wp-json\/wp\/v2\/users\/1"}],"replies":[{"embeddable":true,"href":"https:\/\/prioratinvest.com\/en\/wp-json\/wp\/v2\/comments?post=2559"}],"version-history":[{"count":6,"href":"https:\/\/prioratinvest.com\/en\/wp-json\/wp\/v2\/pages\/2559\/revisions"}],"predecessor-version":[{"id":2996,"href":"https:\/\/prioratinvest.com\/en\/wp-json\/wp\/v2\/pages\/2559\/revisions\/2996"}],"wp:attachment":[{"href":"https:\/\/prioratinvest.com\/en\/wp-json\/wp\/v2\/media?parent=2559"}],"curies":[{"name":"wp","href":"https:\/\/api.w.org\/{rel}","templated":true}]}}